{"id":4879,"date":"2024-05-09T15:17:40","date_gmt":"2024-05-09T21:17:40","guid":{"rendered":"https:\/\/ooselite.gob.mx\/?page_id=4879"},"modified":"2024-06-06T15:05:31","modified_gmt":"2024-06-06T21:05:31","slug":"quejas-y-denuncias","status":"publish","type":"page","link":"https:\/\/ooselite.gob.mx\/index.php\/quejas-y-denuncias\/","title":{"rendered":"Quejas y Denuncias en Materia de \u00c9tica y Conducta"},"content":{"rendered":"\t\t<div data-elementor-type=\"wp-page\" data-elementor-id=\"4879\" class=\"elementor elementor-4879\">\n\t\t\t\t\t\t\t\t\t<section class=\"elementor-section elementor-top-section elementor-element elementor-element-bfdf1f4 elementor-section-boxed elementor-section-height-default elementor-section-height-default\" data-id=\"bfdf1f4\" data-element_type=\"section\">\n\t\t\t\t\t\t<div class=\"elementor-container elementor-column-gap-default\">\n\t\t\t\t\t<div class=\"elementor-column elementor-col-100 elementor-top-column elementor-element elementor-element-404b77d\" data-id=\"404b77d\" data-element_type=\"column\">\n\t\t\t<div class=\"elementor-widget-wrap elementor-element-populated\">\n\t\t\t\t\t\t\t\t<div class=\"elementor-element elementor-element-e93da4f elementor-widget elementor-widget-text-editor\" data-id=\"e93da4f\" data-element_type=\"widget\" data-widget_type=\"text-editor.default\">\n\t\t\t\t<div class=\"elementor-widget-container\">\n\t\t\t<style>\/*! elementor - v3.8.0 - 30-10-2022 *\/\n.elementor-widget-text-editor.elementor-drop-cap-view-stacked .elementor-drop-cap{background-color:#818a91;color:#fff}.elementor-widget-text-editor.elementor-drop-cap-view-framed .elementor-drop-cap{color:#818a91;border:3px solid;background-color:transparent}.elementor-widget-text-editor:not(.elementor-drop-cap-view-default) .elementor-drop-cap{margin-top:8px}.elementor-widget-text-editor:not(.elementor-drop-cap-view-default) .elementor-drop-cap-letter{width:1em;height:1em}.elementor-widget-text-editor .elementor-drop-cap{float:left;text-align:center;line-height:1;font-size:50px}.elementor-widget-text-editor .elementor-drop-cap-letter{display:inline-block}<\/style>\t\t\t\t<h4 style=\"text-align: center;\"><strong><span style=\"color: #a70909;\">EN APEGO A LOS \u201cLINEAMIENTOS PARA LA ATENCI\u00d3N Y RESOLUCI\u00d3N A LOS ASUNTOS EN MATERIA DE \u00c9TICA Y AL C\u00d3DIGO DE CONDUCTA DEL ORGANISMO OPERADOR DEL SERVICIO DE LIMPIA DE TEHUAC\u00c1N\u201d<\/span><\/strong><\/h4>\t\t\t\t\t\t<\/div>\n\t\t\t\t<\/div>\n\t\t\t\t\t<\/div>\n\t\t<\/div>\n\t\t\t\t\t\t\t<\/div>\n\t\t<\/section>\n\t\t\t\t<section class=\"elementor-section elementor-top-section elementor-element elementor-element-a9e1e26 elementor-section-boxed elementor-section-height-default elementor-section-height-default\" data-id=\"a9e1e26\" data-element_type=\"section\">\n\t\t\t\t\t\t<div class=\"elementor-container elementor-column-gap-default\">\n\t\t\t\t\t<div class=\"elementor-column elementor-col-100 elementor-top-column elementor-element elementor-element-3804913\" data-id=\"3804913\" data-element_type=\"column\">\n\t\t\t<div class=\"elementor-widget-wrap elementor-element-populated\">\n\t\t\t\t\t\t\t\t<div class=\"elementor-element elementor-element-8f56e83 elementor-align-center animated-slow elementor-invisible elementor-widget elementor-widget-button\" data-id=\"8f56e83\" data-element_type=\"widget\" data-settings=\"{&quot;_animation&quot;:&quot;fadeInRight&quot;}\" data-widget_type=\"button.default\">\n\t\t\t\t<div class=\"elementor-widget-container\">\n\t\t\t\t\t<div class=\"elementor-button-wrapper\">\n\t\t\t<a href=\"https:\/\/docs.google.com\/forms\/d\/e\/1FAIpQLScgvRaSr2L5GXw4oZwKUujnXLHjGdiTozkvzX1T8oo9wYUwCw\/viewform?usp=sf_link\" class=\"elementor-button-link elementor-button elementor-size-md elementor-animation-pulse-grow\" role=\"button\">\n\t\t\t\t\t\t<span class=\"elementor-button-content-wrapper\">\n\t\t\t\t\t\t\t<span class=\"elementor-button-icon elementor-align-icon-right\">\n\t\t\t\t<i aria-hidden=\"true\" class=\"fas fa-file-alt\"><\/i>\t\t\t<\/span>\n\t\t\t\t\t\t<span class=\"elementor-button-text\">INGRESAR AL FORMULARIO<\/span>\n\t\t<\/span>\n\t\t\t\t\t<\/a>\n\t\t<\/div>\n\t\t\t\t<\/div>\n\t\t\t\t<\/div>\n\t\t\t\t\t<\/div>\n\t\t<\/div>\n\t\t\t\t\t\t\t<\/div>\n\t\t<\/section>\n\t\t\t\t\t\t\t<\/div>\n\t\t","protected":false},"excerpt":{"rendered":"<p>EN APEGO A LOS \u201cLINEAMIENTOS PARA LA ATENCI\u00d3N Y RESOLUCI\u00d3N A LOS ASUNTOS EN MATERIA DE \u00c9TICA Y AL C\u00d3DIGO DE CONDUCTA DEL ORGANISMO OPERADOR &hellip; <\/p>\n","protected":false},"author":1,"featured_media":0,"parent":0,"menu_order":0,"comment_status":"closed","ping_status":"closed","template":"","meta":{"footnotes":""},"_links":{"self":[{"href":"https:\/\/ooselite.gob.mx\/index.php\/wp-json\/wp\/v2\/pages\/4879"}],"collection":[{"href":"https:\/\/ooselite.gob.mx\/index.php\/wp-json\/wp\/v2\/pages"}],"about":[{"href":"https:\/\/ooselite.gob.mx\/index.php\/wp-json\/wp\/v2\/types\/page"}],"author":[{"embeddable":true,"href":"https:\/\/ooselite.gob.mx\/index.php\/wp-json\/wp\/v2\/users\/1"}],"replies":[{"embeddable":true,"href":"https:\/\/ooselite.gob.mx\/index.php\/wp-json\/wp\/v2\/comments?post=4879"}],"version-history":[{"count":22,"href":"https:\/\/ooselite.gob.mx\/index.php\/wp-json\/wp\/v2\/pages\/4879\/revisions"}],"predecessor-version":[{"id":5036,"href":"https:\/\/ooselite.gob.mx\/index.php\/wp-json\/wp\/v2\/pages\/4879\/revisions\/5036"}],"wp:attachment":[{"href":"https:\/\/ooselite.gob.mx\/index.php\/wp-json\/wp\/v2\/media?parent=4879"}],"curies":[{"name":"wp","href":"https:\/\/api.w.org\/{rel}","templated":true}]}}