{"id":875,"date":"2020-08-18T15:06:58","date_gmt":"2020-08-18T20:06:58","guid":{"rendered":"http:\/\/ooselite.gob.mx\/?page_id=875"},"modified":"2024-05-07T15:55:21","modified_gmt":"2024-05-07T21:55:21","slug":"mision-y-vision","status":"publish","type":"page","link":"https:\/\/ooselite.gob.mx\/index.php\/mision-y-vision\/","title":{"rendered":"MISI\u00d3N Y VISI\u00d3N"},"content":{"rendered":"\t\t<div data-elementor-type=\"wp-page\" data-elementor-id=\"875\" class=\"elementor elementor-875\">\n\t\t\t\t\t\t\t\t\t<section class=\"elementor-section elementor-top-section elementor-element elementor-element-5352cd52 elementor-section-boxed elementor-section-height-default elementor-section-height-default\" data-id=\"5352cd52\" data-element_type=\"section\">\n\t\t\t\t\t\t<div class=\"elementor-container elementor-column-gap-default\">\n\t\t\t\t\t<div class=\"elementor-column elementor-col-100 elementor-top-column elementor-element elementor-element-6b4deffc\" data-id=\"6b4deffc\" data-element_type=\"column\">\n\t\t\t<div class=\"elementor-widget-wrap elementor-element-populated\">\n\t\t\t\t\t\t\t\t<div class=\"elementor-element elementor-element-73a060fd elementor-widget elementor-widget-text-editor\" data-id=\"73a060fd\" data-element_type=\"widget\" data-widget_type=\"text-editor.default\">\n\t\t\t\t<div class=\"elementor-widget-container\">\n\t\t\t<style>\/*! elementor - v3.8.0 - 30-10-2022 *\/\n.elementor-widget-text-editor.elementor-drop-cap-view-stacked .elementor-drop-cap{background-color:#818a91;color:#fff}.elementor-widget-text-editor.elementor-drop-cap-view-framed .elementor-drop-cap{color:#818a91;border:3px solid;background-color:transparent}.elementor-widget-text-editor:not(.elementor-drop-cap-view-default) .elementor-drop-cap{margin-top:8px}.elementor-widget-text-editor:not(.elementor-drop-cap-view-default) .elementor-drop-cap-letter{width:1em;height:1em}.elementor-widget-text-editor .elementor-drop-cap{float:left;text-align:center;line-height:1;font-size:50px}.elementor-widget-text-editor .elementor-drop-cap-letter{display:inline-block}<\/style>\t\t\t\t<!-- wp:heading {\"textColor\":\"vivid-red\"} -->\n<h2 class=\"has-vivid-red-color has-text-color\"><span style=\"color: #000000;\">MISI\u00d3N<\/span><\/h2>\n<!-- \/wp:heading --><!-- wp:paragraph -->\n<p>Ofrecer los servicios de recolecci\u00f3n, traslado y disposici\u00f3n final de los residuos s\u00f3lidos urbanos, modernizando la infraestructura del organismo, los procedimientos operativos, administrativos y de educaci\u00f3n ambiental en residuos s\u00f3lidos, la optimizaci\u00f3n de los recursos, con apego a la legislaci\u00f3n ambiental.<\/p>\n<!-- \/wp:paragraph --><!-- wp:paragraph -->\n<p>Brindar una atenci\u00f3n directa y personalizada a la ciudadan\u00eda para darle soluci\u00f3n a sus demandas y peticiones de una manera r\u00e1pida y confiable, logrando as\u00ed un dialogo permanente entre la sociedad y sus autoridades municipales.<\/p>\n<!-- \/wp:paragraph --><!-- wp:heading {\"textColor\":\"vivid-red\"} -->\n<h2 class=\"has-vivid-red-color has-text-color\"><span style=\"color: #000000;\">VISI\u00d3N<\/span><\/h2>\n<!-- \/wp:heading --><!-- wp:paragraph -->\n<p>Ser un organismo autosuficiente, responsable, eficiente\u00a0 con un alto esp\u00edritu de servicio y calidad humana, comprometido con el cumplimiento de las normas ambientales, utilizando tecnolog\u00eda de vanguardia para llevar a cabo la prestaci\u00f3n del servicio.<\/p>\n<!-- \/wp:paragraph --><!-- wp:gallery {\"ids\":[1765],\"linkTo\":\"none\",\"align\":\"center\"} -->\n<figure class=\"wp-block-gallery aligncenter columns-1 is-cropped\">\n<figure><\/figure>\n<\/figure>\n<!-- \/wp:gallery -->\t\t\t\t\t\t<\/div>\n\t\t\t\t<\/div>\n\t\t\t\t\t<\/div>\n\t\t<\/div>\n\t\t\t\t\t\t\t<\/div>\n\t\t<\/section>\n\t\t\t\t\t\t\t<\/div>\n\t\t","protected":false},"excerpt":{"rendered":"<p>MISI\u00d3N Ofrecer los servicios de recolecci\u00f3n, traslado y disposici\u00f3n final de los residuos s\u00f3lidos urbanos, modernizando la infraestructura del organismo, los procedimientos operativos, administrativos y &hellip; <\/p>\n","protected":false},"author":1,"featured_media":0,"parent":0,"menu_order":0,"comment_status":"closed","ping_status":"closed","template":"","meta":{"footnotes":""},"_links":{"self":[{"href":"https:\/\/ooselite.gob.mx\/index.php\/wp-json\/wp\/v2\/pages\/875"}],"collection":[{"href":"https:\/\/ooselite.gob.mx\/index.php\/wp-json\/wp\/v2\/pages"}],"about":[{"href":"https:\/\/ooselite.gob.mx\/index.php\/wp-json\/wp\/v2\/types\/page"}],"author":[{"embeddable":true,"href":"https:\/\/ooselite.gob.mx\/index.php\/wp-json\/wp\/v2\/users\/1"}],"replies":[{"embeddable":true,"href":"https:\/\/ooselite.gob.mx\/index.php\/wp-json\/wp\/v2\/comments?post=875"}],"version-history":[{"count":7,"href":"https:\/\/ooselite.gob.mx\/index.php\/wp-json\/wp\/v2\/pages\/875\/revisions"}],"predecessor-version":[{"id":4830,"href":"https:\/\/ooselite.gob.mx\/index.php\/wp-json\/wp\/v2\/pages\/875\/revisions\/4830"}],"wp:attachment":[{"href":"https:\/\/ooselite.gob.mx\/index.php\/wp-json\/wp\/v2\/media?parent=875"}],"curies":[{"name":"wp","href":"https:\/\/api.w.org\/{rel}","templated":true}]}}